{"id":950,"date":"2020-07-03T17:06:31","date_gmt":"2020-07-03T15:06:31","guid":{"rendered":"https:\/\/nhs.ma\/apps\/le133\/index.php\/evenements-2\/"},"modified":"2020-12-07T12:08:18","modified_gmt":"2020-12-07T11:08:18","slug":"evenements","status":"publish","type":"page","link":"https:\/\/le133.ma\/fr\/evenements\/","title":{"rendered":"\u00c9v\u00e9nements"},"content":{"rendered":"<div data-elementor-type=\"wp-page\" data-elementor-id=\"950\" class=\"elementor elementor-950\" data-elementor-settings=\"[]\">\n\t\t\t\t\t\t<div class=\"elementor-inner\">\n\t\t\t\t\t\t\t<div class=\"elementor-section-wrap\">\n\t\t\t\t\t\t\t<section class=\"elementor-section elementor-top-section elementor-element elementor-element-a0db2b9 elementor-hidden-tablet elementor-hidden-phone elementor-section-boxed elementor-section-height-default elementor-section-height-default\" data-id=\"a0db2b9\" data-element_type=\"section\">\n\t\t\t\t\t\t<div class=\"elementor-container elementor-column-gap-default\">\n\t\t\t\t\t\t\t<div class=\"elementor-row\">\n\t\t\t\t\t<div class=\"elementor-column elementor-col-100 elementor-top-column elementor-element elementor-element-28d4a2b\" data-id=\"28d4a2b\" data-element_type=\"column\">\n\t\t\t<div class=\"elementor-column-wrap elementor-element-populated\">\n\t\t\t\t\t\t\t<div class=\"elementor-widget-wrap\">\n\t\t\t\t\t\t<div class=\"elementor-element elementor-element-ed7e4ac elementor-widget elementor-widget-spacer\" data-id=\"ed7e4ac\" data-element_type=\"widget\" data-widget_type=\"spacer.default\">\n\t\t\t\t<div class=\"elementor-widget-container\">\n\t\t\t\t\t<div class=\"elementor-spacer\">\n\t\t\t<div class=\"elementor-spacer-inner\"><\/div>\n\t\t<\/div>\n\t\t\t\t<\/div>\n\t\t\t\t<\/div>\n\t\t\t\t\t\t<\/div>\n\t\t\t\t\t<\/div>\n\t\t<\/div>\n\t\t\t\t\t\t\t\t<\/div>\n\t\t\t\t\t<\/div>\n\t\t<\/section>\n\t\t\t\t<section class=\"elementor-section elementor-top-section elementor-element elementor-element-2a8abee elementor-section-boxed elementor-section-height-default elementor-section-height-default\" data-id=\"2a8abee\" data-element_type=\"section\">\n\t\t\t\t\t\t<div class=\"elementor-container elementor-column-gap-default\">\n\t\t\t\t\t\t\t<div class=\"elementor-row\">\n\t\t\t\t\t<div class=\"elementor-column elementor-col-100 elementor-top-column elementor-element elementor-element-351389d\" data-id=\"351389d\" data-element_type=\"column\">\n\t\t\t<div class=\"elementor-column-wrap elementor-element-populated\">\n\t\t\t\t\t\t\t<div class=\"elementor-widget-wrap\">\n\t\t\t\t\t\t<div class=\"elementor-element elementor-element-0bb7958 elementor-widget elementor-widget-shortcode\" data-id=\"0bb7958\" data-element_type=\"widget\" data-widget_type=\"shortcode.default\">\n\t\t\t\t<div class=\"elementor-widget-container\">\n\t\t\t\t\t<div class=\"elementor-shortcode\"><div class=\"event_listings\" data-location=\"\" data-keywords=\"\" data-show_filters=\"true\" data-show_pagination=\"false\" data-per_page=\"10\" data-orderby=\"meta_value\" data-order=\"ASC\" data-datetimes=\"\" data-categories=\"\" data-event_types=\"\" data-ticket_prices=\"\" data-event_online=\"\" >\n<form class=\"wpem-main wpem-form-wrapper wpem-event-filter-wrapper event_filters\" id=\"event_filters\" action=\"\">\n\t\t<div class=\"search_events search-form-container\">\n\t\t\t\t<div class=\"wpem-row\">\n\t\t\t<!-- Search by keywords section start -->\n\t\t\t<div class=\"wpem-col\">\n\t\t\t\t<!-- shows default keywords text field  start-->\n\t\t\t\t<div class=\"wpem-form-group\">\n\t\t\t\t\t<label for=\"search_keywords\" class=\"wpem-form-label\" data-no-translation=\"\" data-trp-gettext=\"\">Mots cl\u00e9s<\/label>\n\t\t\t\t\t<input type=\"text\" name=\"search_keywords\" id=\"search_keywords\" placeholder=\"Mots cl\u00e9s\" value=\"\" data-no-translation-placeholder=\"\" \/>\n\t\t\t\t<\/div>\n\t\t\t\t<!-- shows default keywords text field end -->\n\t\t\t<\/div>\n\t\t\t<!-- Search by keywords section end-->\n\n\t\t\t<!-- Search by location section start -->\n\t\t\t<div class=\"wpem-col\">\n\t\t\t\t<div class=\"wpem-form-group wpem-location-container\">\n\t\t\t\t\t<label for=\"search_location\" class=\"wpem-form-label\" data-no-translation=\"\" data-trp-gettext=\"\">Lieu<\/label>\n\t\t\t\t\t<input type=\"text\" name=\"search_location\" id=\"search_location\" placeholder=\"Lieu\" value=\"\" data-no-translation-placeholder=\"\" \/>\n\t\t\t\t<\/div>\n\t\t\t<\/div>\n\t\t\t<!-- Search by location section end -->\n\n\t\t\t<!-- Search by date section start -->\n\t\t\t\n\t\t\t\t\n\t\t\t\t<div class=\"wpem-col\">\n\t\t\t\t\t<div class=\"wpem-form-group\">\n\t\t\t\t\t\t<label for=\"search_datetimes\" class=\"wpem-form-label\" data-no-translation=\"\" data-trp-gettext=\"\">N\u2019importe quelles dates<\/label>\n\t\t\t\t\t\t<input type=\"text\" name=\"search_datetimes[]\" id=\"search_datetimes\" value='' class=\"event-manager-category-dropdown date_range_picker\">\n\t\t\t\t\t<\/div>\n\t\t\t\t<\/div>\n\t\t\t\t\t\t<!-- Search by date section end -->\n\n\t\t<\/div> <!-- \/row -->\n\t\t<div class=\"wpem-row\">\n\t\t\t<!-- Search by event categories section start -->\n\t\t\t\t\t\t\t<div class=\"wpem-col\">\n\t\t\t\t\t<div class=\"wpem-form-group\">\n\t\t\t\t\t\t<label for=\"search_categories\" class=\"wpem-form-label\" data-no-translation=\"\" data-trp-gettext=\"\">Cat\u00e9gorie<\/label>\n\t\t\t\t\t\t\t\t\t\t\t\t\t<select name='search_categories[]' id='search_categories' class='event-manager-category-dropdown'  data-placeholder='Choisissez une cat\u00e9gorie' data-no_results_text='Aucun r\u00e9sultat ne correspond' data-multiple_text='Choisissez une cat\u00e9gorie' data-no-translation-data-placeholder=\"\" data-no-translation-data-no_results_text=\"\" data-no-translation-data-multiple_text=\"\">\n<option value=\"\" data-no-translation=\"\" data-trp-gettext=\"\">Choisissez une cat\u00e9gorie<\/option>\t<option class=\"level-0\" value=\"business-professional\">Business &amp; Professional<\/option>\n\t<option class=\"level-0\" value=\"charity-causes\">Charity &amp; Causes<\/option>\n\t<option class=\"level-0\" value=\"community-culture\">Community &amp; Culture<\/option>\n\t<option class=\"level-0\" value=\"family-education\">Family &amp; Education<\/option>\n\t<option class=\"level-0\" value=\"fashion-beauty\">Fashion &amp; Beauty<\/option>\n\t<option class=\"level-0\" value=\"film-media-entertainment\">Film, Media &amp; Entertainment<\/option>\n\t<option class=\"level-0\" value=\"food-drink\">Food &amp; Drink<\/option>\n\t<option class=\"level-0\" value=\"game-or-competition\">Game or Competition<\/option>\n\t<option class=\"level-0\" value=\"other\">Other<\/option>\n\t<option class=\"level-0\" value=\"performing-visual-arts\">Performing &amp; Visual Arts<\/option>\n\t<option class=\"level-0\" value=\"science-technology\">Science &amp; Technology<\/option>\n\t<option class=\"level-0\" value=\"sports-fitness\">Sports &amp; Fitness<\/option>\n<\/select>\n\t\t\t\t\t\t\t\t\t\t\t<\/div>\n\t\t\t\t<\/div>\n\t\t\t\t\t\t<!-- Search by event categories section end -->\n\n\t\t\t<!-- Search by event type section start -->\n\t\t\t\t\t\t\t<div class=\"wpem-col\">\n\t\t\t\t\t<div class=\"wpem-form-group\">\n\t\t\t\t\t\t<label for=\"search_event_types\" class=\"wpem-form-label\" data-no-translation=\"\" data-trp-gettext=\"\">Type d\u2019\u00e9v\u00e8nement<\/label>\n\t\t\t\t\t\t\t\t\t\t\t\t\t<select name='search_event_types[]' id='search_event_types' class='event-manager-category-dropdown'  data-placeholder='Choisissez un type d\u2019\u00e9v\u00e8nement' data-no_results_text='Aucun r\u00e9sultat ne correspond' data-multiple_text='Choisissez un type d\u2019\u00e9v\u00e8nement' data-no-translation-data-placeholder=\"\" data-no-translation-data-no_results_text=\"\" data-no-translation-data-multiple_text=\"\">\n<option value=\"\" data-no-translation=\"\" data-trp-gettext=\"\">Choisissez un type d\u2019\u00e9v\u00e8nement<\/option>\t<option class=\"level-0\" value=\"appearance-or-signing\">Appearance or Signing<\/option>\n\t<option class=\"level-0\" value=\"attraction\">Attraction<\/option>\n\t<option class=\"level-0\" value=\"camp-trip-or-retreat\">Camp, Trip, or Retreat<\/option>\n\t<option class=\"level-0\" value=\"class-training-or-workshop\">Class, Training, or Workshop<\/option>\n\t<option class=\"level-0\" value=\"concert-or-performance\">Concert or Performance<\/option>\n\t<option class=\"level-0\" value=\"conference\">Conference<\/option>\n\t<option class=\"level-0\" value=\"convention\">Convention<\/option>\n\t<option class=\"level-0\" value=\"dinner-or-gala\">Dinner or Gala<\/option>\n\t<option class=\"level-0\" value=\"festival-or-fair\">Festival or Fair<\/option>\n\t<option class=\"level-0\" value=\"game-or-competition\">Game or Competition<\/option>\n\t<option class=\"level-0\" value=\"meeting-or-networking-event\">Meeting or Networking Event<\/option>\n\t<option class=\"level-0\" value=\"other\">Other<\/option>\n\t<option class=\"level-0\" value=\"party-or-social-gathering\">Party or Social Gathering<\/option>\n\t<option class=\"level-0\" value=\"race-or-endurance-event\">Race or Endurance Event<\/option>\n\t<option class=\"level-0\" value=\"rally\">Rally<\/option>\n\t<option class=\"level-0\" value=\"screening\">Screening<\/option>\n\t<option class=\"level-0\" value=\"seminar-or-talk\">Seminar or Talk<\/option>\n\t<option class=\"level-0\" value=\"tour\">Tour<\/option>\n\t<option class=\"level-0\" value=\"tournament\">Tournament<\/option>\n\t<option class=\"level-0\" value=\"tradeshow-consumer-show-or-expo\">Tradeshow, Consumer Show or Expo<\/option>\n<\/select>\n\t\t\t\t\t\t\t\t\t\t\t<\/div>\n\t\t\t\t<\/div>\n\t\t\t\t\t\t\t\n\t\t\t<!-- Search by event type section end -->\n\n\t\t<\/div> <!-- \/row -->\n\n\t\t\n\t<\/div>\n\t<div class=\"showing_applied_filters\"><\/div><input type=\"hidden\" name=\"trp-form-language\" value=\"fr\"\/><\/form>\n<noscript data-no-translation=\"\" data-trp-gettext=\"\">Votre navigateur ne supporte pas JavaScript, ou il est d\u00e9sactiv\u00e9. JavaScript doit \u00eatre activ\u00e9 pour voir les listes.<\/noscript>    <div class=\"wpem-main wpem-event-listings-header\">\r\n        <div class=\"wpem-row\">\r\n            <div class=\"wpem-col wpem-col-12 wpem-col-sm-6 wpem-col-md-6 wpem-col-lg-8\">\r\n                <div class=\"wpem-event-listing-header-title\">\r\n                    <h2 class=\"wpem-heading-text\" data-no-translation=\"\" data-trp-gettext=\"\">\u00c9v\u00e8nements<\/h2>\r\n                <\/div>\r\n            <\/div>\r\n            <div class=\"wpem-col wpem-col-12 wpem-col-sm-6 wpem-col-md-6 wpem-col-lg-4\">\r\n                <div class=\"wpem-event-layout-action-wrapper\">\r\n                    <div class=\"wpem-event-layout-action\">\r\n                                                <div class=\"wpem-event-layout-icon wpem-event-box-layout\" title=\"Vue en bo\u00eete d\u2019\u00e9v\u00e8nements\" id=\"wpem-event-box-layout\" data-no-translation-title=\"\"><i class=\"wpem-icon-stop2\"><\/i><\/div>\r\n                        <div class=\"wpem-event-layout-icon wpem-event-list-layout wpem-active-layout\" title=\"Vue en liste des \u00e9v\u00e8nements\" id=\"wpem-event-list-layout\" data-no-translation-title=\"\"><i class=\"wpem-icon-menu\"><\/i><\/div>\r\n                                            <\/div>\r\n                <\/div>\r\n            <\/div>\r\n        <\/div>\r\n    <\/div>\r\n<!-- Event listing view -->\r\n<div id=\"event-listing-view\" class=\"wpem-main wpem-event-listings event_listings wpem-event-listing-list-view\"><\/div>\n<div id=\"load_more_events_loader\"><a class=\"load_more_events\" id=\"load_more_events\" href=\"#\"><strong data-no-translation=\"\" data-trp-gettext=\"\">Charger plus d\u2019\u00e9v\u00e8nements<\/strong><\/a><\/div><\/div><\/div>\n\t\t\t\t<\/div>\n\t\t\t\t<\/div>\n\t\t\t\t\t\t<\/div>\n\t\t\t\t\t<\/div>\n\t\t<\/div>\n\t\t\t\t\t\t\t\t<\/div>\n\t\t\t\t\t<\/div>\n\t\t<\/section>\n\t\t\t\t<section class=\"elementor-section elementor-top-section elementor-element elementor-element-187ee12 elementor-section-boxed elementor-section-height-default elementor-section-height-default\" data-id=\"187ee12\" data-element_type=\"section\">\n\t\t\t\t\t\t<div class=\"elementor-container elementor-column-gap-default\">\n\t\t\t\t\t\t\t<div class=\"elementor-row\">\n\t\t\t\t\t<div class=\"elementor-column elementor-col-100 elementor-top-column elementor-element elementor-element-6a3d099\" data-id=\"6a3d099\" data-element_type=\"column\">\n\t\t\t<div class=\"elementor-column-wrap elementor-element-populated\">\n\t\t\t\t\t\t\t<div class=\"elementor-widget-wrap\">\n\t\t\t\t\t\t<div class=\"elementor-element elementor-element-a2870fa elementor-widget elementor-widget-html\" data-id=\"a2870fa\" data-element_type=\"widget\" data-widget_type=\"html.default\">\n\t\t\t\t<div class=\"elementor-widget-container\">\n\t\t\t<script>\ndocument.addEventListener(\"DOMContentLoaded\", function() {\n\t\t    jQuery('.menu-toggle.main-header-menu-toggle.ast-mobile-menu-buttons-minimal').on('click', function() {\n\t\t        if (jQuery(\".menu-toggle.main-header-menu-toggle.ast-mobile-menu-buttons-minimal\").hasClass(\"toggled\")) {\n\t\t            \n\t\t              jQuery('.site-content').css(\"padding-top\",\"50px\"); \n\t\t        }\n\t\t        else{\n\t\t              jQuery('.site-content').css(\"padding-top\",\"230px\"); \n\t\t        }\n\t\t    });\n                \n                });\n        document.addEventListener(\"DOMContentLoaded\", function() {\n            jQuery('.main-header-menu > .menu-item > a').on('click', function() {\n            if (jQuery(window).width() < 922) {\n                jQuery('.site-content').css(\"padding-top\",\"50px\");\n            }\n            });\n                \n                });\n<\/script>\t\t<\/div>\n\t\t\t\t<\/div>\n\t\t\t\t\t\t<\/div>\n\t\t\t\t\t<\/div>\n\t\t<\/div>\n\t\t\t\t\t\t\t\t<\/div>\n\t\t\t\t\t<\/div>\n\t\t<\/section>\n\t\t\t\t\t\t<\/div>\n\t\t\t\t\t\t<\/div>\n\t\t\t\t\t<\/div>","protected":false},"excerpt":{"rendered":"","protected":false},"author":1,"featured_media":0,"parent":0,"menu_order":0,"comment_status":"closed","ping_status":"closed","template":"elementor_header_footer","meta":{"site-sidebar-layout":"no-sidebar","site-content-layout":"page-builder","ast-main-header-display":"","ast-hfb-above-header-display":"","ast-hfb-below-header-display":"","ast-hfb-mobile-header-display":"","site-post-title":"disabled","ast-breadcrumbs-content":"","ast-featured-img":"disabled","footer-sml-layout":"","theme-transparent-header-meta":"default","adv-header-id-meta":"","stick-header-meta":"","header-above-stick-meta":"","header-main-stick-meta":"","header-below-stick-meta":""},"yoast_head":"<!-- This site is optimized with the Yoast SEO plugin v17.8 - https:\/\/yoast.com\/wordpress\/plugins\/seo\/ -->\n<title>\u00c9v\u00e9nements<\/title>\n<meta name=\"robots\" content=\"index, follow, max-snippet:-1, max-image-preview:large, max-video-preview:-1\" \/>\n<link rel=\"canonical\" href=\"https:\/\/le133.ma\/fr\/evenements\/\" \/>\n<meta property=\"og:locale\" content=\"fr_FR\" \/>\n<meta property=\"og:type\" content=\"article\" \/>\n<meta property=\"og:title\" content=\"\u00c9v\u00e9nements\" \/>\n<meta property=\"og:url\" content=\"https:\/\/le133.ma\/fr\/evenements\/\" \/>\n<meta property=\"article:publisher\" content=\"https:\/\/www.facebook.com\/le133coworking\/\" \/>\n<meta property=\"article:modified_time\" content=\"2020-12-07T11:08:18+00:00\" \/>\n<meta property=\"og:image\" content=\"https:\/\/le133.ma\/wp-content\/uploads\/2020\/06\/AmenitiesPageCover.png\" \/>\n\t<meta property=\"og:image:width\" content=\"1539\" \/>\n\t<meta property=\"og:image:height\" content=\"908\" \/>\n<meta name=\"twitter:card\" content=\"summary_large_image\" \/>\n<script type=\"application\/ld+json\" class=\"yoast-schema-graph\">{\"@context\":\"https:\/\/schema.org\",\"@graph\":[{\"@type\":\"Organization\",\"@id\":\"https:\/\/le133.ma\/#organization\",\"name\":\"le133\",\"url\":\"https:\/\/le133.ma\/\",\"sameAs\":[\"https:\/\/www.facebook.com\/le133coworking\/\",\"https:\/\/www.instagram.com\/le133coworking\/\"],\"logo\":{\"@type\":\"ImageObject\",\"@id\":\"https:\/\/le133.ma\/#logo\",\"inLanguage\":\"fr-FR\",\"url\":\"https:\/\/le133.ma\/wp-content\/uploads\/2020\/06\/Pink-180.png\",\"contentUrl\":\"https:\/\/le133.ma\/wp-content\/uploads\/2020\/06\/Pink-180.png\",\"width\":180,\"height\":180,\"caption\":\"le133\"},\"image\":{\"@id\":\"https:\/\/le133.ma\/#logo\"}},{\"@type\":\"WebSite\",\"@id\":\"https:\/\/le133.ma\/#website\",\"url\":\"https:\/\/le133.ma\/\",\"name\":\"le133\",\"description\":\"Le 133 Coworking Space in Casablanca\",\"publisher\":{\"@id\":\"https:\/\/le133.ma\/#organization\"},\"potentialAction\":[{\"@type\":\"SearchAction\",\"target\":{\"@type\":\"EntryPoint\",\"urlTemplate\":\"https:\/\/le133.ma\/?s={search_term_string}\"},\"query-input\":\"required name=search_term_string\"}],\"inLanguage\":\"fr-FR\"},{\"@type\":\"WebPage\",\"@id\":\"https:\/\/le133.ma\/evenements\/#webpage\",\"url\":\"https:\/\/le133.ma\/evenements\/\",\"name\":\"\\u00c9v\\u00e9nements\",\"isPartOf\":{\"@id\":\"https:\/\/le133.ma\/#website\"},\"datePublished\":\"2020-07-03T15:06:31+00:00\",\"dateModified\":\"2020-12-07T11:08:18+00:00\",\"breadcrumb\":{\"@id\":\"https:\/\/le133.ma\/evenements\/#breadcrumb\"},\"inLanguage\":\"fr-FR\",\"potentialAction\":[{\"@type\":\"ReadAction\",\"target\":[\"https:\/\/le133.ma\/evenements\/\"]}]},{\"@type\":\"BreadcrumbList\",\"@id\":\"https:\/\/le133.ma\/evenements\/#breadcrumb\",\"itemListElement\":[{\"@type\":\"ListItem\",\"position\":1,\"name\":\"Home\",\"item\":\"https:\/\/le133.ma\/\"},{\"@type\":\"ListItem\",\"position\":2,\"name\":\"\\u00c9v\\u00e9nements\"}]}]}<\/script>\n<!-- \/ Yoast SEO plugin. -->","yoast_head_json":{"title":"\u00c9v\u00e9nements","robots":{"index":"index","follow":"follow","max-snippet":"max-snippet:-1","max-image-preview":"max-image-preview:large","max-video-preview":"max-video-preview:-1"},"canonical":"https:\/\/le133.ma\/fr\/evenements\/","og_locale":"fr_FR","og_type":"article","og_title":"\u00c9v\u00e9nements","og_url":"https:\/\/le133.ma\/fr\/evenements\/","article_publisher":"https:\/\/www.facebook.com\/le133coworking\/","article_modified_time":"2020-12-07T11:08:18+00:00","og_image":[{"width":1539,"height":908,"url":"https:\/\/le133.ma\/wp-content\/uploads\/2020\/06\/AmenitiesPageCover.png","type":"image\/png"}],"twitter_card":"summary_large_image","schema":{"@context":"https:\/\/schema.org","@graph":[{"@type":"Organization","@id":"https:\/\/le133.ma\/#organization","name":"le133","url":"https:\/\/le133.ma\/","sameAs":["https:\/\/www.facebook.com\/le133coworking\/","https:\/\/www.instagram.com\/le133coworking\/"],"logo":{"@type":"ImageObject","@id":"https:\/\/le133.ma\/#logo","inLanguage":"fr-FR","url":"https:\/\/le133.ma\/wp-content\/uploads\/2020\/06\/Pink-180.png","contentUrl":"https:\/\/le133.ma\/wp-content\/uploads\/2020\/06\/Pink-180.png","width":180,"height":180,"caption":"le133"},"image":{"@id":"https:\/\/le133.ma\/#logo"}},{"@type":"WebSite","@id":"https:\/\/le133.ma\/#website","url":"https:\/\/le133.ma\/","name":"le133","description":"Le 133 Coworking Space in Casablanca","publisher":{"@id":"https:\/\/le133.ma\/#organization"},"potentialAction":[{"@type":"SearchAction","target":{"@type":"EntryPoint","urlTemplate":"https:\/\/le133.ma\/?s={search_term_string}"},"query-input":"required name=search_term_string"}],"inLanguage":"fr-FR"},{"@type":"WebPage","@id":"https:\/\/le133.ma\/evenements\/#webpage","url":"https:\/\/le133.ma\/evenements\/","name":"\u00c9v\u00e9nements","isPartOf":{"@id":"https:\/\/le133.ma\/#website"},"datePublished":"2020-07-03T15:06:31+00:00","dateModified":"2020-12-07T11:08:18+00:00","breadcrumb":{"@id":"https:\/\/le133.ma\/evenements\/#breadcrumb"},"inLanguage":"fr-FR","potentialAction":[{"@type":"ReadAction","target":["https:\/\/le133.ma\/evenements\/"]}]},{"@type":"BreadcrumbList","@id":"https:\/\/le133.ma\/evenements\/#breadcrumb","itemListElement":[{"@type":"ListItem","position":1,"name":"Home","item":"https:\/\/le133.ma\/"},{"@type":"ListItem","position":2,"name":"\u00c9v\u00e9nements"}]}]}},"_links":{"self":[{"href":"https:\/\/le133.ma\/fr\/wp-json\/wp\/v2\/pages\/950"}],"collection":[{"href":"https:\/\/le133.ma\/fr\/wp-json\/wp\/v2\/pages"}],"about":[{"href":"https:\/\/le133.ma\/fr\/wp-json\/wp\/v2\/types\/page"}],"author":[{"embeddable":true,"href":"https:\/\/le133.ma\/fr\/wp-json\/wp\/v2\/users\/1"}],"replies":[{"embeddable":true,"href":"https:\/\/le133.ma\/fr\/wp-json\/wp\/v2\/comments?post=950"}],"version-history":[{"count":1,"href":"https:\/\/le133.ma\/fr\/wp-json\/wp\/v2\/pages\/950\/revisions"}],"predecessor-version":[{"id":3125,"href":"https:\/\/le133.ma\/fr\/wp-json\/wp\/v2\/pages\/950\/revisions\/3125"}],"wp:attachment":[{"href":"https:\/\/le133.ma\/fr\/wp-json\/wp\/v2\/media?parent=950"}],"curies":[{"name":"wp","href":"https:\/\/api.w.org\/{rel}","templated":true}]}}